{"id":598,"date":"2025-06-25T07:29:20","date_gmt":"2025-06-25T07:29:20","guid":{"rendered":"https:\/\/enaco.se\/om-enaco\/"},"modified":"2026-01-15T05:13:51","modified_gmt":"2026-01-15T05:13:51","slug":"about-us","status":"publish","type":"page","link":"https:\/\/enaco.se\/en\/about-us\/","title":{"rendered":"About us"},"content":{"rendered":"      <section class=\"hero-block \" >\n         <div class=\"hero-slider-wrapper\">\n               <div class=\"hero-slider  inner-hero inner-small-hero position-relative\">\n            <div class=\"has-left-overlay\"><\/div>\n                           <div class=\"single-slide\">\n                  <div class=\"slider-bg\">\n                     <img decoding=\"async\" src=\"https:\/\/enaco.se\/wp-content\/uploads\/2025\/06\/kundcase.webp\" class=\"main-img\" alt=\"\" \/>                  <\/div>\n                  <div class=\"slider-content-wrapper h-100\">\n                     <div class=\"container\">\n                        <div class=\"row\">\n                           <div class=\"col-xl-6 col-lg-8 col-md-10\">\n                              <div class=\"slider-content\">\n                                 <div class=\"slider-text-content \">\n                                                                        <h1>About us<\/h1>\n\n                                 <\/div>\n                                                               <\/div>\n                           <\/div>\n                        <\/div>\n                     <\/div>\n                  <\/div>\n               <\/div>\n                     <\/div>\n         <\/div>\n         <\/section>\n      \n\n      <section class=\"breadcrumb-block custom-breadcrumb  \" >\n         <div class=\"container\">\n      <div class=\"row\">\n         <div class=\"col-lg-12\">\n            <nav aria-label=\"breadcrumb\"><ol class=\"breadcrumb\"><li class=\"breadcrumb-item\"><a href=\"https:\/\/enaco.se\/en\/\">Home<\/a><\/li><\/ol><\/nav>         <\/div>\n      <\/div>\n   <\/div>\n         <\/section>\n      \n\n      <section class=\"about-timeline-block pt-140 pb-240 \" >\n         \n      <div class=\"container\">\n         <div class=\"row\">\n            <div class=\"col-lg-12\">\n                                 <div class=\"about-list-block\">\n                                             <div class=\"two-col-img-text-block has-bullet\">\n                                                         <div class=\"bullet-block\">\n                                 <img decoding=\"async\" src=\"https:\/\/enaco.se\/wp-content\/themes\/hdl-enaco\/assets\/images\/bullet.svg\" alt=\"bullet\">\n                              <\/div>\n                                                      <div class=\"single-block img-right\">\n                              <div class=\"row  gutter-width-200\">\n                                 <div class=\"col-md-6\">\n                                    <div class=\"text-container\">\n                                       <div class=\"block-title\">\n                                                                                       <div class=\"sub-title\">The Company<\/div>\n                                                                                    <h2>About ENACO<\/h2>\n<p>ENACO is one of Sweden\u2019s leading companies in the construction, operation and maintenance of mission-critical infrastructure. Founded in 1977, we bring a level of experience that is unmatched in the industry. Over the decades we have lived through major technology shifts, recessions, booms, and ever-increasing demands for availability and security. In short \u2013 we know this business inside out.  <\/p>\n                                       <\/div>\n                                                                                 <div class=\"btn-wrapper mt-30\">\n                                             <a class=\"theme-btn\" href=\"#\" target=\"_self\">Kontakta oss<\/a>\n                                          <\/div>\n                                       \n                                    <\/div>\n                                 <\/div>\n                                 <div class=\"col-md-6\">\n                                                                           <div class=\"img-container\">\n                                          <img decoding=\"async\" src=\"https:\/\/enaco.se\/wp-content\/uploads\/2025\/06\/christina-wocintechchat-com-glRqyWJgUeY-unsplash.webp\" class=\"main-img\" alt=\"\" \/>                                       <\/div>\n                                                                     <\/div>\n                              <\/div>\n                           <\/div>\n                        <\/div>\n                                             <div class=\"two-col-img-text-block has-bullet\">\n                                                         <div class=\"bullet-block\">\n                                 <img decoding=\"async\" src=\"https:\/\/enaco.se\/wp-content\/themes\/hdl-enaco\/assets\/images\/bullet.svg\" alt=\"bullet\">\n                              <\/div>\n                                                      <div class=\"single-block img-left\">\n                              <div class=\"row  flex-md-row-reverse gutter-width-200\">\n                                 <div class=\"col-md-6\">\n                                    <div class=\"text-container\">\n                                       <div class=\"block-title\">\n                                                                                    <h3>Our History<\/h3>\n<p>ENACO was founded in 1977 by Bo-G\u00f6sta R\u00f6nnberg and Sebastian Wrethagen. The company name, however, was coined by Bo-G\u00f6sta\u2019s wife. ENACO \u2013 a telescoped term from Environmental Air Conditioning \u2013 reflects one of the industry\u2019s greatest challenges: removing excess heat from server rooms and entire data centers.<br \/>During the early decades, ENACO focused primarily on manufacturing efficient climate systems and ventilation units.   <\/p>\n                                       <\/div>\n                                       \n                                    <\/div>\n                                 <\/div>\n                                 <div class=\"col-md-6\">\n                                                                           <div class=\"img-container\">\n                                          <img decoding=\"async\" src=\"https:\/\/enaco.se\/wp-content\/uploads\/2025\/06\/img2-1.webp\" class=\"main-img\" alt=\"\" \/>                                       <\/div>\n                                                                     <\/div>\n                              <\/div>\n                           <\/div>\n                        <\/div>\n                                             <div class=\"two-col-img-text-block has-bullet\">\n                                                         <div class=\"bullet-block\">\n                                 <img decoding=\"async\" src=\"https:\/\/enaco.se\/wp-content\/themes\/hdl-enaco\/assets\/images\/bullet.svg\" alt=\"bullet\">\n                              <\/div>\n                                                      <div class=\"single-block img-right\">\n                              <div class=\"row  gutter-width-200\">\n                                 <div class=\"col-md-6\">\n                                    <div class=\"text-container\">\n                                       <div class=\"block-title\">\n                                                                                    <h3>From Strength to Strength<\/h3>\n<p>With customers such as Ericsson, Atlas Copco, Handelsbanken and SAS, ENACO grew rapidly in both size and revenue throughout the 1980s. The expression \u201cThe ENACO Way\u201d was established, and the company opened offices in Gothenburg, Malm\u00f6 and Link\u00f6ping. At that time, ENACO was one of few providers offering 24-hour on-call service, attracting a growing number of customers.  <\/p>\n                                       <\/div>\n                                       \n                                    <\/div>\n                                 <\/div>\n                                 <div class=\"col-md-6\">\n                                                                           <div class=\"img-container\">\n                                          <img decoding=\"async\" src=\"https:\/\/enaco.se\/wp-content\/uploads\/2025\/06\/brooke-cagle-WHWYBmtn3_0-unsplash.webp\" class=\"main-img\" alt=\"\" \/>                                       <\/div>\n                                                                     <\/div>\n                              <\/div>\n                           <\/div>\n                        <\/div>\n                                             <div class=\"two-col-img-text-block has-bullet\">\n                                                         <div class=\"bullet-block\">\n                                 <img decoding=\"async\" src=\"https:\/\/enaco.se\/wp-content\/themes\/hdl-enaco\/assets\/images\/bullet.svg\" alt=\"bullet\">\n                              <\/div>\n                                                      <div class=\"single-block img-left\">\n                              <div class=\"row  flex-md-row-reverse gutter-width-200\">\n                                 <div class=\"col-md-6\">\n                                    <div class=\"text-container\">\n                                       <div class=\"block-title\">\n                                                                                    <h3>The IT Era Creates a Massive Market<\/h3>\n<p>During the IT boom of the 1990s, the need for servers increased dramatically. We supported companies with their own data centers and on-premise environments by building and operating their infrastructure. The market expanded by several hundred percent, and ENACO became one of Sweden\u2019s largest suppliers of server rooms, ventilation systems, data centers and secure IT operations. <\/p>\n                                       <\/div>\n                                       \n                                    <\/div>\n                                 <\/div>\n                                 <div class=\"col-md-6\">\n                                                                           <div class=\"img-container\">\n                                          <img decoding=\"async\" src=\"https:\/\/enaco.se\/wp-content\/uploads\/2025\/06\/florian-krumm-yLDabpoCL3s-unsplash.webp\" class=\"main-img\" alt=\"\" \/>                                       <\/div>\n                                                                     <\/div>\n                              <\/div>\n                           <\/div>\n                        <\/div>\n                                             <div class=\"two-col-img-text-block has-bullet\">\n                                                         <div class=\"bullet-block\">\n                                 <img decoding=\"async\" src=\"https:\/\/enaco.se\/wp-content\/themes\/hdl-enaco\/assets\/images\/bullet.svg\" alt=\"bullet\">\n                              <\/div>\n                                                      <div class=\"single-block img-right\">\n                              <div class=\"row  gutter-width-200\">\n                                 <div class=\"col-md-6\">\n                                    <div class=\"text-container\">\n                                       <div class=\"block-title\">\n                                                                                    <h3>The Ups and Downs of the 2000s<\/h3>\n<p>Throughout the 2000s, ENACO continued to evolve alongside rapidly developing technology and shifting market demands. We expanded our expertise from fundamental feasibility studies all the way to complete network installations, both copper and fiber, for everything from commercial buildings to complex data centers. Our ability to adapt quickly made us a preferred partner for companies needing flexible and scalable solutions.  <\/p>\n                                       <\/div>\n                                       \n                                    <\/div>\n                                 <\/div>\n                                 <div class=\"col-md-6\">\n                                                                           <div class=\"img-container\">\n                                          <img decoding=\"async\" src=\"https:\/\/enaco.se\/wp-content\/uploads\/2025\/06\/brooke-cagle-WHWYBmtn3_0-unsplash-1.webp\" class=\"main-img\" alt=\"\" \/>                                       <\/div>\n                                                                     <\/div>\n                              <\/div>\n                           <\/div>\n                        <\/div>\n                                             <div class=\"two-col-img-text-block has-bullet\">\n                                                         <div class=\"bullet-block\">\n                                 <img decoding=\"async\" src=\"https:\/\/enaco.se\/wp-content\/themes\/hdl-enaco\/assets\/images\/bullet.svg\" alt=\"bullet\">\n                              <\/div>\n                                                      <div class=\"single-block img-left\">\n                              <div class=\"row  flex-md-row-reverse gutter-width-200\">\n                                 <div class=\"col-md-6\">\n                                    <div class=\"text-container\">\n                                       <div class=\"block-title\">\n                                                                                    <h3>Colocation and Energy Efficiency<\/h3>\n<p>In the early 2010s, the market shifted as mid-sized server rooms became less common when more organisations chose to outsource their IT operations. Demand grew significantly, and ENACO became involved in numerous nationwide projects designing and building turnkey colocation data centers.<br \/>Our focus expanded beyond secure, high-availability data centers to include advanced energy-efficient design \u2014 critical for both operational costs and environmental impact. Capacity needs increased rapidly, with the number of kW per square meter multiplying tenfold in just a decade.   <\/p>\n                                       <\/div>\n                                       \n                                    <\/div>\n                                 <\/div>\n                                 <div class=\"col-md-6\">\n                                                                           <div class=\"img-container\">\n                                          <img decoding=\"async\" src=\"https:\/\/enaco.se\/wp-content\/uploads\/2025\/06\/pexels-kelvin809-1019283.webp\" class=\"main-img\" alt=\"\" \/>                                       <\/div>\n                                                                     <\/div>\n                              <\/div>\n                           <\/div>\n                        <\/div>\n                                             <div class=\"two-col-img-text-block has-bullet\">\n                                                         <div class=\"bullet-block\">\n                                 <img decoding=\"async\" src=\"https:\/\/enaco.se\/wp-content\/themes\/hdl-enaco\/assets\/images\/bullet.svg\" alt=\"bullet\">\n                              <\/div>\n                                                      <div class=\"single-block img-right\">\n                              <div class=\"row  gutter-width-200\">\n                                 <div class=\"col-md-6\">\n                                    <div class=\"text-container\">\n                                       <div class=\"block-title\">\n                                                                                    <h3>ENACO Today<\/h3>\n<p>As one of Sweden\u2019s leading providers of mission-critical infrastructure, we stay continuously up to date with the latest technological advancements. We evaluate new technologies carefully, ensuring that we never adopt unproven trends without verifying their performance and reliability.<br \/>Our mission \u2014 today and in the future \u2014 is to deliver the most robust, secure and efficient solutions for uninterrupted operation of our customers\u2019 critical infrastructure.  <\/p>\n                                       <\/div>\n                                       \n                                    <\/div>\n                                 <\/div>\n                                 <div class=\"col-md-6\">\n                                                                           <div class=\"img-container\">\n                                          <img decoding=\"async\" src=\"https:\/\/enaco.se\/wp-content\/uploads\/2025\/06\/christina-wocintechchat-com-glRqyWJgUeY-unsplash.webp\" class=\"main-img\" alt=\"\" \/>                                       <\/div>\n                                                                     <\/div>\n                              <\/div>\n                           <\/div>\n                        <\/div>\n                                          \n                  <\/div>\n                           <\/div>\n         <\/div>       \n      <\/div>\n\n         <\/section>\n      ","protected":false},"excerpt":{"rendered":"","protected":false},"author":1,"featured_media":0,"parent":0,"menu_order":0,"comment_status":"closed","ping_status":"closed","template":"","meta":{"_acf_changed":false,"footnotes":""},"class_list":["post-598","page","type-page","status-publish","hentry"],"acf":[],"yoast_head":"<!-- This site is optimized with the Yoast SEO plugin v26.1.1 - https:\/\/yoast.com\/wordpress\/plugins\/seo\/ -->\n<title>About us - ENACO<\/title>\n<meta name=\"robots\" content=\"index, follow, max-snippet:-1, max-image-preview:large, max-video-preview:-1\" \/>\n<link rel=\"canonical\" href=\"https:\/\/enaco.se\/en\/about-us\/\" \/>\n<meta property=\"og:locale\" content=\"en_US\" \/>\n<meta property=\"og:type\" content=\"article\" \/>\n<meta property=\"og:title\" content=\"About us - ENACO\" \/>\n<meta property=\"og:url\" content=\"https:\/\/enaco.se\/en\/about-us\/\" \/>\n<meta property=\"og:site_name\" content=\"ENACO\" \/>\n<meta property=\"article:modified_time\" content=\"2026-01-15T05:13:51+00:00\" \/>\n<meta name=\"twitter:card\" content=\"summary_large_image\" \/>\n<script type=\"application\/ld+json\" class=\"yoast-schema-graph\">{\"@context\":\"https:\/\/schema.org\",\"@graph\":[{\"@type\":\"WebPage\",\"@id\":\"https:\/\/enaco.se\/en\/about-us\/\",\"url\":\"https:\/\/enaco.se\/en\/about-us\/\",\"name\":\"About us - ENACO\",\"isPartOf\":{\"@id\":\"https:\/\/enaco.se\/#website\"},\"datePublished\":\"2025-06-25T07:29:20+00:00\",\"dateModified\":\"2026-01-15T05:13:51+00:00\",\"breadcrumb\":{\"@id\":\"https:\/\/enaco.se\/en\/about-us\/#breadcrumb\"},\"inLanguage\":\"en-US\",\"potentialAction\":[{\"@type\":\"ReadAction\",\"target\":[\"https:\/\/enaco.se\/en\/about-us\/\"]}]},{\"@type\":\"BreadcrumbList\",\"@id\":\"https:\/\/enaco.se\/en\/about-us\/#breadcrumb\",\"itemListElement\":[{\"@type\":\"ListItem\",\"position\":1,\"name\":\"Hem\",\"item\":\"https:\/\/enaco.se\/en\/\"},{\"@type\":\"ListItem\",\"position\":2,\"name\":\"About us\"}]},{\"@type\":\"WebSite\",\"@id\":\"https:\/\/enaco.se\/#website\",\"url\":\"https:\/\/enaco.se\/\",\"name\":\"ENACO\",\"description\":\"Experter p\u00e5 avbrottsfri drift inom kritisk infrastruktur\",\"potentialAction\":[{\"@type\":\"SearchAction\",\"target\":{\"@type\":\"EntryPoint\",\"urlTemplate\":\"https:\/\/enaco.se\/?s={search_term_string}\"},\"query-input\":{\"@type\":\"PropertyValueSpecification\",\"valueRequired\":true,\"valueName\":\"search_term_string\"}}],\"inLanguage\":\"en-US\"}]}<\/script>\n<!-- \/ Yoast SEO plugin. -->","yoast_head_json":{"title":"About us - ENACO","robots":{"index":"index","follow":"follow","max-snippet":"max-snippet:-1","max-image-preview":"max-image-preview:large","max-video-preview":"max-video-preview:-1"},"canonical":"https:\/\/enaco.se\/en\/about-us\/","og_locale":"en_US","og_type":"article","og_title":"About us - ENACO","og_url":"https:\/\/enaco.se\/en\/about-us\/","og_site_name":"ENACO","article_modified_time":"2026-01-15T05:13:51+00:00","twitter_card":"summary_large_image","schema":{"@context":"https:\/\/schema.org","@graph":[{"@type":"WebPage","@id":"https:\/\/enaco.se\/en\/about-us\/","url":"https:\/\/enaco.se\/en\/about-us\/","name":"About us - ENACO","isPartOf":{"@id":"https:\/\/enaco.se\/#website"},"datePublished":"2025-06-25T07:29:20+00:00","dateModified":"2026-01-15T05:13:51+00:00","breadcrumb":{"@id":"https:\/\/enaco.se\/en\/about-us\/#breadcrumb"},"inLanguage":"en-US","potentialAction":[{"@type":"ReadAction","target":["https:\/\/enaco.se\/en\/about-us\/"]}]},{"@type":"BreadcrumbList","@id":"https:\/\/enaco.se\/en\/about-us\/#breadcrumb","itemListElement":[{"@type":"ListItem","position":1,"name":"Hem","item":"https:\/\/enaco.se\/en\/"},{"@type":"ListItem","position":2,"name":"About us"}]},{"@type":"WebSite","@id":"https:\/\/enaco.se\/#website","url":"https:\/\/enaco.se\/","name":"ENACO","description":"Experter p\u00e5 avbrottsfri drift inom kritisk infrastruktur","potentialAction":[{"@type":"SearchAction","target":{"@type":"EntryPoint","urlTemplate":"https:\/\/enaco.se\/?s={search_term_string}"},"query-input":{"@type":"PropertyValueSpecification","valueRequired":true,"valueName":"search_term_string"}}],"inLanguage":"en-US"}]}},"_links":{"self":[{"href":"https:\/\/enaco.se\/en\/wp-json\/wp\/v2\/pages\/598","targetHints":{"allow":["GET"]}}],"collection":[{"href":"https:\/\/enaco.se\/en\/wp-json\/wp\/v2\/pages"}],"about":[{"href":"https:\/\/enaco.se\/en\/wp-json\/wp\/v2\/types\/page"}],"author":[{"embeddable":true,"href":"https:\/\/enaco.se\/en\/wp-json\/wp\/v2\/users\/1"}],"replies":[{"embeddable":true,"href":"https:\/\/enaco.se\/en\/wp-json\/wp\/v2\/comments?post=598"}],"version-history":[{"count":6,"href":"https:\/\/enaco.se\/en\/wp-json\/wp\/v2\/pages\/598\/revisions"}],"predecessor-version":[{"id":2065,"href":"https:\/\/enaco.se\/en\/wp-json\/wp\/v2\/pages\/598\/revisions\/2065"}],"wp:attachment":[{"href":"https:\/\/enaco.se\/en\/wp-json\/wp\/v2\/media?parent=598"}],"curies":[{"name":"wp","href":"https:\/\/api.w.org\/{rel}","templated":true}]}}