{"id":597,"date":"2025-06-25T13:10:50","date_gmt":"2025-06-25T13:10:50","guid":{"rendered":"https:\/\/enaco.se\/nyheter\/"},"modified":"2025-08-11T08:01:51","modified_gmt":"2025-08-11T08:01:51","slug":"news","status":"publish","type":"page","link":"https:\/\/enaco.se\/en\/news\/","title":{"rendered":"News"},"content":{"rendered":"      <section class=\"hero-block \" >\n         <div class=\"hero-slider-wrapper\">\n               <div class=\"hero-slider  inner-hero inner-large-hero  position-relative\">\n            <div class=\"has-left-overlay\"><\/div>\n                           <div class=\"single-slide\">\n                  <div class=\"slider-bg\">\n                     <img decoding=\"async\" src=\"https:\/\/enaco.se\/wp-content\/uploads\/2025\/06\/home-hero.webp\" class=\"main-img\" alt=\"\" \/>                  <\/div>\n                  <div class=\"slider-content-wrapper h-100\">\n                     <div class=\"container\">\n                        <div class=\"row\">\n                           <div class=\"col-xl-6 col-lg-8 col-md-10\">\n                              <div class=\"slider-content\">\n                                 <div class=\"slider-text-content \">\n                                                                        <h1>News<\/h1>\n<p>Hos oss p\u00e5 ENACO h\u00e4nder det n\u00e4stan alltid sp\u00e4nnande saker allt fr\u00e5n nya kundsamarbeten till rekryteringar av nya medarbetare. H\u00e4r kan du ta del av en del av dem. <\/p>\n\n                                 <\/div>\n                                                               <\/div>\n                           <\/div>\n                        <\/div>\n                     <\/div>\n                  <\/div>\n               <\/div>\n                     <\/div>\n         <\/div>\n         <\/section>\n      \n\n      <section class=\"breadcrumb-block custom-breadcrumb  \" >\n         <div class=\"container\">\n      <div class=\"row\">\n         <div class=\"col-lg-12\">\n            <nav aria-label=\"breadcrumb\"><ol class=\"breadcrumb\"><li class=\"breadcrumb-item\"><a href=\"https:\/\/enaco.se\/en\/\">Home<\/a><\/li><\/ol><\/nav>         <\/div>\n      <\/div>\n   <\/div>\n         <\/section>\n      \n\n      <section class=\"news-block pt-140 pb-140 \" >\n                  <\/section>\n      ","protected":false},"excerpt":{"rendered":"","protected":false},"author":1,"featured_media":0,"parent":0,"menu_order":0,"comment_status":"closed","ping_status":"closed","template":"","meta":{"_acf_changed":false,"footnotes":""},"class_list":["post-597","page","type-page","status-publish","hentry"],"acf":[],"yoast_head":"<!-- This site is optimized with the Yoast SEO plugin v26.1.1 - https:\/\/yoast.com\/wordpress\/plugins\/seo\/ -->\n<title>News - ENACO<\/title>\n<meta name=\"robots\" content=\"index, follow, max-snippet:-1, max-image-preview:large, max-video-preview:-1\" \/>\n<link rel=\"canonical\" href=\"https:\/\/enacostaging.keplerhosting.cloud\/en\/news\/\" \/>\n<meta property=\"og:locale\" content=\"en_US\" \/>\n<meta property=\"og:type\" content=\"article\" \/>\n<meta property=\"og:title\" content=\"News - ENACO\" \/>\n<meta property=\"og:url\" content=\"https:\/\/enacostaging.keplerhosting.cloud\/en\/news\/\" \/>\n<meta property=\"og:site_name\" content=\"ENACO\" \/>\n<meta property=\"article:modified_time\" content=\"2025-08-11T08:01:51+00:00\" \/>\n<meta name=\"twitter:card\" content=\"summary_large_image\" \/>\n<script type=\"application\/ld+json\" class=\"yoast-schema-graph\">{\"@context\":\"https:\/\/schema.org\",\"@graph\":[{\"@type\":\"WebPage\",\"@id\":\"https:\/\/enacostaging.keplerhosting.cloud\/en\/news\/\",\"url\":\"https:\/\/enacostaging.keplerhosting.cloud\/en\/news\/\",\"name\":\"News - ENACO\",\"isPartOf\":{\"@id\":\"https:\/\/enaco.se\/#website\"},\"datePublished\":\"2025-06-25T13:10:50+00:00\",\"dateModified\":\"2025-08-11T08:01:51+00:00\",\"breadcrumb\":{\"@id\":\"https:\/\/enacostaging.keplerhosting.cloud\/en\/news\/#breadcrumb\"},\"inLanguage\":\"en-US\",\"potentialAction\":[{\"@type\":\"ReadAction\",\"target\":[\"https:\/\/enacostaging.keplerhosting.cloud\/en\/news\/\"]}]},{\"@type\":\"BreadcrumbList\",\"@id\":\"https:\/\/enacostaging.keplerhosting.cloud\/en\/news\/#breadcrumb\",\"itemListElement\":[{\"@type\":\"ListItem\",\"position\":1,\"name\":\"Hem\",\"item\":\"https:\/\/enaco.se\/en\/\"},{\"@type\":\"ListItem\",\"position\":2,\"name\":\"News\"}]},{\"@type\":\"WebSite\",\"@id\":\"https:\/\/enaco.se\/#website\",\"url\":\"https:\/\/enaco.se\/\",\"name\":\"ENACO\",\"description\":\"Experter p\u00e5 avbrottsfri drift inom kritisk infrastruktur\",\"potentialAction\":[{\"@type\":\"SearchAction\",\"target\":{\"@type\":\"EntryPoint\",\"urlTemplate\":\"https:\/\/enaco.se\/?s={search_term_string}\"},\"query-input\":{\"@type\":\"PropertyValueSpecification\",\"valueRequired\":true,\"valueName\":\"search_term_string\"}}],\"inLanguage\":\"en-US\"}]}<\/script>\n<!-- \/ Yoast SEO plugin. -->","yoast_head_json":{"title":"News - ENACO","robots":{"index":"index","follow":"follow","max-snippet":"max-snippet:-1","max-image-preview":"max-image-preview:large","max-video-preview":"max-video-preview:-1"},"canonical":"https:\/\/enacostaging.keplerhosting.cloud\/en\/news\/","og_locale":"en_US","og_type":"article","og_title":"News - ENACO","og_url":"https:\/\/enacostaging.keplerhosting.cloud\/en\/news\/","og_site_name":"ENACO","article_modified_time":"2025-08-11T08:01:51+00:00","twitter_card":"summary_large_image","schema":{"@context":"https:\/\/schema.org","@graph":[{"@type":"WebPage","@id":"https:\/\/enacostaging.keplerhosting.cloud\/en\/news\/","url":"https:\/\/enacostaging.keplerhosting.cloud\/en\/news\/","name":"News - ENACO","isPartOf":{"@id":"https:\/\/enaco.se\/#website"},"datePublished":"2025-06-25T13:10:50+00:00","dateModified":"2025-08-11T08:01:51+00:00","breadcrumb":{"@id":"https:\/\/enacostaging.keplerhosting.cloud\/en\/news\/#breadcrumb"},"inLanguage":"en-US","potentialAction":[{"@type":"ReadAction","target":["https:\/\/enacostaging.keplerhosting.cloud\/en\/news\/"]}]},{"@type":"BreadcrumbList","@id":"https:\/\/enacostaging.keplerhosting.cloud\/en\/news\/#breadcrumb","itemListElement":[{"@type":"ListItem","position":1,"name":"Hem","item":"https:\/\/enaco.se\/en\/"},{"@type":"ListItem","position":2,"name":"News"}]},{"@type":"WebSite","@id":"https:\/\/enaco.se\/#website","url":"https:\/\/enaco.se\/","name":"ENACO","description":"Experter p\u00e5 avbrottsfri drift inom kritisk infrastruktur","potentialAction":[{"@type":"SearchAction","target":{"@type":"EntryPoint","urlTemplate":"https:\/\/enaco.se\/?s={search_term_string}"},"query-input":{"@type":"PropertyValueSpecification","valueRequired":true,"valueName":"search_term_string"}}],"inLanguage":"en-US"}]}},"_links":{"self":[{"href":"https:\/\/enaco.se\/en\/wp-json\/wp\/v2\/pages\/597","targetHints":{"allow":["GET"]}}],"collection":[{"href":"https:\/\/enaco.se\/en\/wp-json\/wp\/v2\/pages"}],"about":[{"href":"https:\/\/enaco.se\/en\/wp-json\/wp\/v2\/types\/page"}],"author":[{"embeddable":true,"href":"https:\/\/enaco.se\/en\/wp-json\/wp\/v2\/users\/1"}],"replies":[{"embeddable":true,"href":"https:\/\/enaco.se\/en\/wp-json\/wp\/v2\/comments?post=597"}],"version-history":[{"count":8,"href":"https:\/\/enaco.se\/en\/wp-json\/wp\/v2\/pages\/597\/revisions"}],"predecessor-version":[{"id":817,"href":"https:\/\/enaco.se\/en\/wp-json\/wp\/v2\/pages\/597\/revisions\/817"}],"wp:attachment":[{"href":"https:\/\/enaco.se\/en\/wp-json\/wp\/v2\/media?parent=597"}],"curies":[{"name":"wp","href":"https:\/\/api.w.org\/{rel}","templated":true}]}}