{"id":595,"date":"2025-06-26T12:36:51","date_gmt":"2025-06-26T12:36:51","guid":{"rendered":"https:\/\/enaco.se\/kontakta-oss\/"},"modified":"2026-01-15T05:07:25","modified_gmt":"2026-01-15T05:07:25","slug":"contact-us","status":"publish","type":"page","link":"https:\/\/enaco.se\/en\/contact-us\/","title":{"rendered":"Contact us"},"content":{"rendered":"      <section class=\"hero-block \" >\n         <div class=\"hero-slider-wrapper\">\n               <div class=\"hero-slider  inner-hero inner-large-hero  position-relative\">\n            <div class=\"has-left-overlay\"><\/div>\n                           <div class=\"single-slide\">\n                  <div class=\"slider-bg\">\n                     <img decoding=\"async\" src=\"https:\/\/enaco.se\/wp-content\/uploads\/2025\/06\/home-hero.webp\" class=\"main-img\" alt=\"\" \/>                  <\/div>\n                  <div class=\"slider-content-wrapper h-100\">\n                     <div class=\"container\">\n                        <div class=\"row\">\n                           <div class=\"col-xl-6 col-lg-8 col-md-10\">\n                              <div class=\"slider-content\">\n                                 <div class=\"slider-text-content \">\n                                                                        <h1>Contact us<\/h1>\n<p>We look forward to hearing from you!<\/p>\n\n                                 <\/div>\n                                                               <\/div>\n                           <\/div>\n                        <\/div>\n                     <\/div>\n                  <\/div>\n               <\/div>\n                     <\/div>\n         <\/div>\n         <\/section>\n            <section class=\"breadcrumb-block custom-breadcrumb  \" >\n         <div class=\"container\">\n      <div class=\"row\">\n         <div class=\"col-lg-12\">\n            <nav aria-label=\"breadcrumb\"><ol class=\"breadcrumb\"><li class=\"breadcrumb-item\"><a href=\"https:\/\/enaco.se\/en\/\">Home<\/a><\/li><\/ol><\/nav>         <\/div>\n      <\/div>\n   <\/div>\n         <\/section>\n            <section class=\"content-contact pt-140 pb-140 \" >\n                        <div class=\"container\">\n            <div class=\"row flex-md-row-reverse\">\n                              <div class=\"col-lg-8 offset-xl-1\">\n                  <div class=\"contact-form-block background-color-light-gray br-8\">\n\n                     <h4>Fyll i formul\u00e4ret nedan<\/h4>\n<p>V\u00e4lkommen att h\u00f6ra av dig till oss! Skicka ett meddelande till oss s\u00e5 svarar vi s\u00e5 snart vi kan.<\/p>\n                                             <div class=\"form-block\">\n                           <script>\nvar gform;gform||(document.addEventListener(\"gform_main_scripts_loaded\",function(){gform.scriptsLoaded=!0}),document.addEventListener(\"gform\/theme\/scripts_loaded\",function(){gform.themeScriptsLoaded=!0}),window.addEventListener(\"DOMContentLoaded\",function(){gform.domLoaded=!0}),gform={domLoaded:!1,scriptsLoaded:!1,themeScriptsLoaded:!1,isFormEditor:()=>\"function\"==typeof InitializeEditor,callIfLoaded:function(o){return!(!gform.domLoaded||!gform.scriptsLoaded||!gform.themeScriptsLoaded&&!gform.isFormEditor()||(gform.isFormEditor()&&console.warn(\"The use of gform.initializeOnLoaded() is deprecated in the form editor context and will be removed in Gravity Forms 3.1.\"),o(),0))},initializeOnLoaded:function(o){gform.callIfLoaded(o)||(document.addEventListener(\"gform_main_scripts_loaded\",()=>{gform.scriptsLoaded=!0,gform.callIfLoaded(o)}),document.addEventListener(\"gform\/theme\/scripts_loaded\",()=>{gform.themeScriptsLoaded=!0,gform.callIfLoaded(o)}),window.addEventListener(\"DOMContentLoaded\",()=>{gform.domLoaded=!0,gform.callIfLoaded(o)}))},hooks:{action:{},filter:{}},addAction:function(o,r,e,t){gform.addHook(\"action\",o,r,e,t)},addFilter:function(o,r,e,t){gform.addHook(\"filter\",o,r,e,t)},doAction:function(o){gform.doHook(\"action\",o,arguments)},applyFilters:function(o){return gform.doHook(\"filter\",o,arguments)},removeAction:function(o,r){gform.removeHook(\"action\",o,r)},removeFilter:function(o,r,e){gform.removeHook(\"filter\",o,r,e)},addHook:function(o,r,e,t,n){null==gform.hooks[o][r]&&(gform.hooks[o][r]=[]);var d=gform.hooks[o][r];null==n&&(n=r+\"_\"+d.length),gform.hooks[o][r].push({tag:n,callable:e,priority:t=null==t?10:t})},doHook:function(r,o,e){var t;if(e=Array.prototype.slice.call(e,1),null!=gform.hooks[r][o]&&((o=gform.hooks[r][o]).sort(function(o,r){return o.priority-r.priority}),o.forEach(function(o){\"function\"!=typeof(t=o.callable)&&(t=window[t]),\"action\"==r?t.apply(null,e):e[0]=t.apply(null,e)})),\"filter\"==r)return e[0]},removeHook:function(o,r,t,n){var e;null!=gform.hooks[o][r]&&(e=(e=gform.hooks[o][r]).filter(function(o,r,e){return!!(null!=n&&n!=o.tag||null!=t&&t!=o.priority)}),gform.hooks[o][r]=e)}});\n<\/script>\n\n                <div class='gf_browser_gecko gform_wrapper gravity-theme gform-theme--no-framework' data-form-theme='gravity-theme' data-form-index='0' id='gform_wrapper_1' ><div id='gf_1' class='gform_anchor' tabindex='-1'><\/div>\n                        <div class='gform_heading'>\n\t\t\t\t\t\t\t<p class='gform_required_legend'>&quot;<span class=\"gfield_required gfield_required_asterisk\">*<\/span>&quot; indicates required fields<\/p>\n                        <\/div><form method='post' enctype='multipart\/form-data' target='gform_ajax_frame_1' id='gform_1'  action='\/en\/wp-json\/wp\/v2\/pages\/595#gf_1' data-formid='1' novalidate>\n                        <div class='gform-body gform_body'><div id='gform_fields_1' class='gform_fields top_label form_sublabel_below description_below validation_below'><div id=\"field_1_1\" class=\"gfield gfield--type-text field_sublabel_below gfield--no-description field_description_below hidden_label field_validation_below gfield_visibility_visible\"  ><label class='gfield_label gform-field-label' for='input_1_1'>Name<\/label><div class='ginput_container ginput_container_text'><input name='input_1' id='input_1_1' type='text' value='' class='large'    placeholder='Name'  aria-invalid=\"false\"   \/><\/div><\/div><div id=\"field_1_3\" class=\"gfield gfield--type-email gfield--width-full gfield_contains_required field_sublabel_below gfield--no-description field_description_below hidden_label field_validation_below gfield_visibility_visible\"  ><label class='gfield_label gform-field-label' for='input_1_3'>E-mail address<span class=\"gfield_required\"><span class=\"gfield_required gfield_required_asterisk\">*<\/span><\/span><\/label><div class='ginput_container ginput_container_email'>\n                            <input name='input_3' id='input_1_3' type='email' value='' class='large'   placeholder='E-mail address*' aria-required=\"true\" aria-invalid=\"false\"  \/>\n                        <\/div><\/div><div id=\"field_1_4\" class=\"gfield gfield--type-phone gfield--width-full field_sublabel_below gfield--no-description field_description_below hidden_label field_validation_below gfield_visibility_visible\"  ><label class='gfield_label gform-field-label' for='input_1_4'>Phone number<\/label><div class='ginput_container ginput_container_phone'><input name='input_4' id='input_1_4' type='tel' value='' class='large'  placeholder='Phone number'  aria-invalid=\"false\"   \/><\/div><\/div><div id=\"field_1_5\" class=\"gfield gfield--type-textarea gfield--width-full field_sublabel_below gfield--no-description field_description_below hidden_label field_validation_below gfield_visibility_visible\"  ><label class='gfield_label gform-field-label' for='input_1_5'>Your message<\/label><div class='ginput_container ginput_container_textarea'><textarea name='input_5' id='input_1_5' class='textarea large'    placeholder='Your message'  aria-invalid=\"false\"   rows='10' cols='50'><\/textarea><\/div><\/div><fieldset id=\"field_1_6\" class=\"gfield gfield--type-consent gfield--type-choice gfield--input-type-consent gfield--width-full gfield_contains_required field_sublabel_below gfield--no-description field_description_below hidden_label field_validation_below gfield_visibility_visible\"  ><legend class='gfield_label gform-field-label gfield_label_before_complex' >Consent<span class=\"gfield_required\"><span class=\"gfield_required gfield_required_asterisk\">*<\/span><\/span><\/legend><div class='ginput_container ginput_container_consent'><input name='input_6.1' id='input_1_6_1' type='checkbox' value='1'   aria-required=\"true\" aria-invalid=\"false\"   \/> <label class=\"gform-field-label gform-field-label--type-inline gfield_consent_label\" for='input_1_6_1' >I agree to be contacted lorem ipsum dolor info text&#8230;<span class=\"gfield_required gfield_required_asterisk\">*<\/span><\/label><input type='hidden' name='input_6.2' value='I agree to be contacted lorem ipsum dolor info text...' class='gform_hidden' \/><input type='hidden' name='input_6.3' value='1' class='gform_hidden' \/><\/div><\/fieldset><\/div><\/div>\n        <div class='gform-footer gform_footer top_label'> <button class='gform_button button theme-btn' id='gform_submit_button_1'  onclick='window.gform?.submission?.handleButtonClick(this);' type='submit'><span>Submit<\/span><\/button> <input type='hidden' name='gform_ajax' value='form_id=1&amp;title=&amp;description=&amp;tabindex=0&amp;theme=gravity-theme&amp;styles=[]&amp;hash=9f5a772ba4d60e0495b358119e86e3a2' \/>\n            <input type='hidden' class='gform_hidden' name='gform_submission_method' data-js='gform_submission_method_1' value='iframe' \/>\n            <input type='hidden' class='gform_hidden' name='gform_theme' data-js='gform_theme_1' id='gform_theme_1' value='gravity-theme' \/>\n            <input type='hidden' class='gform_hidden' name='gform_style_settings' data-js='gform_style_settings_1' id='gform_style_settings_1' value='[]' \/>\n            <input type='hidden' class='gform_hidden' name='is_submit_1' value='1' \/>\n            <input type='hidden' class='gform_hidden' name='gform_submit' value='1' \/>\n            \n            <input type='hidden' class='gform_hidden' name='gform_currency' data-currency='USD' value='1bEKZSfgvYTaZimQ9dveT8Etju3Cg1vGvVJ5ZtD7o6axbeqGmrYU9kavUT5u2hRkDefjShRlveNi8Y5SxYVZ4xZXUej2djIJqjakXtTPNfk0gCE=' \/>\n            <input type='hidden' class='gform_hidden' name='gform_unique_id' value='' \/>\n            <input type='hidden' class='gform_hidden' name='state_1' value='WyJ7XCI2LjFcIjpcIjIxOTYxN2NhZDIxNmZlODRiYjMzNWJmMmI3Njc1MWI5XCIsXCI2LjJcIjpcImMxMWNlOWZiNWVkMWQxZjI0NTAzZDdmNTRkZTUxOWIwXCIsXCI2LjNcIjpcIjIxOTYxN2NhZDIxNmZlODRiYjMzNWJmMmI3Njc1MWI5XCJ9IiwiNWM4NjVkNTM5OTYxOTM5ZWI4ZWQ4NzE1OWVhMWQzZWEiXQ==' \/>\n            <input type='hidden' autocomplete='off' class='gform_hidden' name='gform_target_page_number_1' id='gform_target_page_number_1' value='0' \/>\n            <input type='hidden' autocomplete='off' class='gform_hidden' name='gform_source_page_number_1' id='gform_source_page_number_1' value='1' \/>\n            <input type='hidden' name='gform_field_values' value='' \/>\n            \n        <\/div>\n                        <\/form>\n                        <\/div>\n\t\t                <iframe style='display:none;width:0px;height:0px;' src='about:blank' name='gform_ajax_frame_1' id='gform_ajax_frame_1' title='This iframe contains the logic required to handle Ajax powered Gravity Forms.'><\/iframe>\n\t\t                <script>\ngform.initializeOnLoaded( function() {gformInitSpinner( 1, 'https:\/\/enaco.se\/wp-content\/plugins\/gravityforms\/images\/spinner.svg', true );jQuery('#gform_ajax_frame_1').on('load',function(){var contents = jQuery(this).contents().find('*').html();var is_postback = contents.indexOf('GF_AJAX_POSTBACK') >= 0;if(!is_postback){return;}var form_content = jQuery(this).contents().find('#gform_wrapper_1');var is_confirmation = jQuery(this).contents().find('#gform_confirmation_wrapper_1').length > 0;var is_redirect = contents.indexOf('gformRedirect(){') >= 0;var is_form = form_content.length > 0 && ! is_redirect && ! is_confirmation;var mt = parseInt(jQuery('html').css('margin-top'), 10) + parseInt(jQuery('body').css('margin-top'), 10) + 100;if(is_form){jQuery('#gform_wrapper_1').html(form_content.html());if(form_content.hasClass('gform_validation_error')){jQuery('#gform_wrapper_1').addClass('gform_validation_error');} else {jQuery('#gform_wrapper_1').removeClass('gform_validation_error');}setTimeout( function() { \/* delay the scroll by 50 milliseconds to fix a bug in chrome *\/ jQuery(document).scrollTop(jQuery('#gform_wrapper_1').offset().top - mt); }, 50 );if(window['gformInitDatepicker']) {gformInitDatepicker();}if(window['gformInitPriceFields']) {gformInitPriceFields();}var current_page = jQuery('#gform_source_page_number_1').val();gformInitSpinner( 1, 'https:\/\/enaco.se\/wp-content\/plugins\/gravityforms\/images\/spinner.svg', true );jQuery(document).trigger('gform_page_loaded', [1, current_page]);window['gf_submitting_1'] = false;}else if(!is_redirect){var confirmation_content = jQuery(this).contents().find('.GF_AJAX_POSTBACK').html();if(!confirmation_content){confirmation_content = contents;}jQuery('#gform_wrapper_1').replaceWith(confirmation_content);jQuery(document).scrollTop(jQuery('#gf_1').offset().top - mt);jQuery(document).trigger('gform_confirmation_loaded', [1]);window['gf_submitting_1'] = false;wp.a11y.speak(jQuery('#gform_confirmation_message_1').text());}else{jQuery('#gform_1').append(contents);if(window['gformRedirect']) {gformRedirect();}}jQuery(document).trigger(\"gform_pre_post_render\", [{ formId: \"1\", currentPage: \"current_page\", abort: function() { this.preventDefault(); } }]);        if (event && event.defaultPrevented) {                return;        }        const gformWrapperDiv = document.getElementById( \"gform_wrapper_1\" );        if ( gformWrapperDiv ) {            const visibilitySpan = document.createElement( \"span\" );            visibilitySpan.id = \"gform_visibility_test_1\";            gformWrapperDiv.insertAdjacentElement( \"afterend\", visibilitySpan );        }        const visibilityTestDiv = document.getElementById( \"gform_visibility_test_1\" );        let postRenderFired = false;        function triggerPostRender() {            if ( postRenderFired ) {                return;            }            postRenderFired = true;            gform.core.triggerPostRenderEvents( 1, current_page );            if ( visibilityTestDiv ) {                visibilityTestDiv.parentNode.removeChild( visibilityTestDiv );            }        }        function debounce( func, wait, immediate ) {            var timeout;            return function() {                var context = this, args = arguments;                var later = function() {                    timeout = null;                    if ( !immediate ) func.apply( context, args );                };                var callNow = immediate && !timeout;                clearTimeout( timeout );                timeout = setTimeout( later, wait );                if ( callNow ) func.apply( context, args );            };        }        const debouncedTriggerPostRender = debounce( function() {            triggerPostRender();        }, 200 );        if ( visibilityTestDiv && visibilityTestDiv.offsetParent === null ) {            const observer = new MutationObserver( ( mutations ) => {                mutations.forEach( ( mutation ) => {                    if ( mutation.type === 'attributes' && visibilityTestDiv.offsetParent !== null ) {                        debouncedTriggerPostRender();                        observer.disconnect();                    }                });            });            observer.observe( document.body, {                attributes: true,                childList: false,                subtree: true,                attributeFilter: [ 'style', 'class' ],            });        } else {            triggerPostRender();        }    } );} );\n<\/script>\n                        <\/div>\n                                       <\/div>\n               <\/div>\n               <div class=\"col-xl-3 col-lg-4\">\n                  <div class=\"contact-text-container custom-text-container\">\n                     <h2>Kontakt<\/h2>\n<p><strong>Telefontider: 08.00 &#8211; 16.30<\/strong><br \/>\nV\u00e4xel: <a href=\"tel:+46102280000\" target=\"_blank\" rel=\"noopener\">+46 (0) 10 228 00 00<\/a><\/p>\n<p><a href=\"mailto:info@enaco.se\">info@enaco.se<\/a><\/p>\n<p><strong>Bes\u00f6ksadress huvudkontor<\/strong><br \/>\nSkalholtsgatan 9<br \/>\n164 40 Kista<\/p>\n<p><strong>Bes\u00f6ksadress G\u00f6teborg<\/strong><br \/>\nAugust Barks Gata 21<br \/>\n421 32 V\u00c4STRA FR\u00d6LUNDA<\/p>\n<p><strong>Bes\u00f6ksadress Malm\u00f6<\/strong><br \/>\nStenyxegatan 34<br \/>\n213 76 MALM\u00d6<\/p>\n<p><strong>Faktureringsadress<\/strong><br \/>\nBox 1201<br \/>\n164 28 Kista<br \/>\n<a href=\"#\">faktura@enaco.se<\/a><\/p>\n                  <\/div>\n                                       <div class=\"social-block mt-20\">\n                                                                                 <a href=\"https:\/\/www.linkedin.com\/company\/enaco-ab\/\" target=\"_blank\">\n                                 <img decoding=\"async\" src=\"https:\/\/enaco.se\/wp-content\/uploads\/2025\/06\/linkedin-dark.svg\" class=\"main-img\" alt=\"\" \/>                              <\/a>\n                                             <\/div>\n                                 <\/div>\n                           <\/div>\n         <\/div>\n\n               <\/section>\n      ","protected":false},"excerpt":{"rendered":"","protected":false},"author":1,"featured_media":0,"parent":0,"menu_order":0,"comment_status":"closed","ping_status":"closed","template":"","meta":{"_acf_changed":false,"footnotes":""},"class_list":["post-595","page","type-page","status-publish","hentry"],"acf":[],"yoast_head":"<!-- This site is optimized with the Yoast SEO plugin v26.1.1 - https:\/\/yoast.com\/wordpress\/plugins\/seo\/ -->\n<title>Contact us - ENACO<\/title>\n<meta name=\"robots\" content=\"index, follow, max-snippet:-1, max-image-preview:large, max-video-preview:-1\" \/>\n<link rel=\"canonical\" href=\"https:\/\/enaco.se\/en\/contact-us\/\" \/>\n<meta property=\"og:locale\" content=\"en_US\" \/>\n<meta property=\"og:type\" content=\"article\" \/>\n<meta property=\"og:title\" content=\"Contact us - ENACO\" \/>\n<meta property=\"og:url\" content=\"https:\/\/enaco.se\/en\/contact-us\/\" \/>\n<meta property=\"og:site_name\" content=\"ENACO\" \/>\n<meta property=\"article:modified_time\" content=\"2026-01-15T05:07:25+00:00\" \/>\n<meta name=\"twitter:card\" content=\"summary_large_image\" \/>\n<script type=\"application\/ld+json\" class=\"yoast-schema-graph\">{\"@context\":\"https:\/\/schema.org\",\"@graph\":[{\"@type\":\"WebPage\",\"@id\":\"https:\/\/enaco.se\/en\/contact-us\/\",\"url\":\"https:\/\/enaco.se\/en\/contact-us\/\",\"name\":\"Contact us - ENACO\",\"isPartOf\":{\"@id\":\"https:\/\/enaco.se\/#website\"},\"datePublished\":\"2025-06-26T12:36:51+00:00\",\"dateModified\":\"2026-01-15T05:07:25+00:00\",\"breadcrumb\":{\"@id\":\"https:\/\/enaco.se\/en\/contact-us\/#breadcrumb\"},\"inLanguage\":\"en-US\",\"potentialAction\":[{\"@type\":\"ReadAction\",\"target\":[\"https:\/\/enaco.se\/en\/contact-us\/\"]}]},{\"@type\":\"BreadcrumbList\",\"@id\":\"https:\/\/enaco.se\/en\/contact-us\/#breadcrumb\",\"itemListElement\":[{\"@type\":\"ListItem\",\"position\":1,\"name\":\"Hem\",\"item\":\"https:\/\/enaco.se\/en\/\"},{\"@type\":\"ListItem\",\"position\":2,\"name\":\"Contact us\"}]},{\"@type\":\"WebSite\",\"@id\":\"https:\/\/enaco.se\/#website\",\"url\":\"https:\/\/enaco.se\/\",\"name\":\"ENACO\",\"description\":\"Experter p\u00e5 avbrottsfri drift inom kritisk infrastruktur\",\"potentialAction\":[{\"@type\":\"SearchAction\",\"target\":{\"@type\":\"EntryPoint\",\"urlTemplate\":\"https:\/\/enaco.se\/?s={search_term_string}\"},\"query-input\":{\"@type\":\"PropertyValueSpecification\",\"valueRequired\":true,\"valueName\":\"search_term_string\"}}],\"inLanguage\":\"en-US\"}]}<\/script>\n<!-- \/ Yoast SEO plugin. -->","yoast_head_json":{"title":"Contact us - ENACO","robots":{"index":"index","follow":"follow","max-snippet":"max-snippet:-1","max-image-preview":"max-image-preview:large","max-video-preview":"max-video-preview:-1"},"canonical":"https:\/\/enaco.se\/en\/contact-us\/","og_locale":"en_US","og_type":"article","og_title":"Contact us - ENACO","og_url":"https:\/\/enaco.se\/en\/contact-us\/","og_site_name":"ENACO","article_modified_time":"2026-01-15T05:07:25+00:00","twitter_card":"summary_large_image","schema":{"@context":"https:\/\/schema.org","@graph":[{"@type":"WebPage","@id":"https:\/\/enaco.se\/en\/contact-us\/","url":"https:\/\/enaco.se\/en\/contact-us\/","name":"Contact us - ENACO","isPartOf":{"@id":"https:\/\/enaco.se\/#website"},"datePublished":"2025-06-26T12:36:51+00:00","dateModified":"2026-01-15T05:07:25+00:00","breadcrumb":{"@id":"https:\/\/enaco.se\/en\/contact-us\/#breadcrumb"},"inLanguage":"en-US","potentialAction":[{"@type":"ReadAction","target":["https:\/\/enaco.se\/en\/contact-us\/"]}]},{"@type":"BreadcrumbList","@id":"https:\/\/enaco.se\/en\/contact-us\/#breadcrumb","itemListElement":[{"@type":"ListItem","position":1,"name":"Hem","item":"https:\/\/enaco.se\/en\/"},{"@type":"ListItem","position":2,"name":"Contact us"}]},{"@type":"WebSite","@id":"https:\/\/enaco.se\/#website","url":"https:\/\/enaco.se\/","name":"ENACO","description":"Experter p\u00e5 avbrottsfri drift inom kritisk infrastruktur","potentialAction":[{"@type":"SearchAction","target":{"@type":"EntryPoint","urlTemplate":"https:\/\/enaco.se\/?s={search_term_string}"},"query-input":{"@type":"PropertyValueSpecification","valueRequired":true,"valueName":"search_term_string"}}],"inLanguage":"en-US"}]}},"_links":{"self":[{"href":"https:\/\/enaco.se\/en\/wp-json\/wp\/v2\/pages\/595","targetHints":{"allow":["GET"]}}],"collection":[{"href":"https:\/\/enaco.se\/en\/wp-json\/wp\/v2\/pages"}],"about":[{"href":"https:\/\/enaco.se\/en\/wp-json\/wp\/v2\/types\/page"}],"author":[{"embeddable":true,"href":"https:\/\/enaco.se\/en\/wp-json\/wp\/v2\/users\/1"}],"replies":[{"embeddable":true,"href":"https:\/\/enaco.se\/en\/wp-json\/wp\/v2\/comments?post=595"}],"version-history":[{"count":10,"href":"https:\/\/enaco.se\/en\/wp-json\/wp\/v2\/pages\/595\/revisions"}],"predecessor-version":[{"id":2060,"href":"https:\/\/enaco.se\/en\/wp-json\/wp\/v2\/pages\/595\/revisions\/2060"}],"wp:attachment":[{"href":"https:\/\/enaco.se\/en\/wp-json\/wp\/v2\/media?parent=595"}],"curies":[{"name":"wp","href":"https:\/\/api.w.org\/{rel}","templated":true}]}}