{"id":1373,"date":"2025-06-26T09:56:46","date_gmt":"2025-06-26T09:56:46","guid":{"rendered":"https:\/\/enaco.se\/om-enaco\/environment-social-governance-3\/"},"modified":"2025-06-26T09:56:46","modified_gmt":"2025-06-26T09:56:46","slug":"environment-social-governance-3","status":"publish","type":"page","link":"https:\/\/enaco.se\/en\/environment-social-governance-3\/","title":{"rendered":"Environment Social Governance"},"content":{"rendered":"      <section class=\"hero-block \" >\n         <div class=\"hero-slider-wrapper\">\n               <div class=\"hero-slider  inner-hero inner-small-hero position-relative\">\n            <div class=\"has-left-overlay\"><\/div>\n                           <div class=\"single-slide\">\n                  <div class=\"slider-bg\">\n                     <img decoding=\"async\" src=\"https:\/\/enaco.se\/wp-content\/uploads\/2025\/06\/kundcase-1.webp\" class=\"main-img\" alt=\"\" \/>                  <\/div>\n                  <div class=\"slider-content-wrapper h-100\">\n                     <div class=\"container\">\n                        <div class=\"row\">\n                           <div class=\"col-xl-6 col-lg-8 col-md-10\">\n                              <div class=\"slider-content\">\n                                 <div class=\"slider-text-content \">\n                                                                        <h1>Environment<br \/>\nSocial<br \/>\nGovernance<\/h1>\n\n                                 <\/div>\n                                                               <\/div>\n                           <\/div>\n                        <\/div>\n                     <\/div>\n                  <\/div>\n               <\/div>\n                     <\/div>\n         <\/div>\n         <\/section>\n      \n\n      <section class=\"breadcrumb-block custom-breadcrumb  \" >\n         <div class=\"container\">\n      <div class=\"row\">\n         <div class=\"col-lg-12\">\n            <nav aria-label=\"breadcrumb\"><ol class=\"breadcrumb\"><li class=\"breadcrumb-item\"><a href=\"https:\/\/enaco.se\/en\/\">Home<\/a><\/li><\/ol><\/nav>         <\/div>\n      <\/div>\n   <\/div>\n         <\/section>\n      \n\n      <section class=\"inner-intro pt-120 pb-50 \" >\n               <div class=\"container\">\n         <div class=\"row\">\n            <div class=\"col-xl-7 col-lg-9\">\n               <div class=\"block-title mb-large\">\n                                       <div class=\"sub-title\">Om enaco<\/div>\n                                    <h2>V\u00e5rt arbete kring ESG<\/h2>\n<p>Begreppet ESG st\u00e5r f\u00f6r Environment (Milj\u00f6), Social (socialt ansvar) och Governance (Bolagsstyrning). Det representerar en ram f\u00f6r att bed\u00f6ma och m\u00e4ta hur h\u00e5llbart ett f\u00f6retag \u00e4r och vilken p\u00e5verkan det har p\u00e5 samh\u00e4llet runtomkring. Att ha en stark ESG-strategi \u00e4r av stor betydelse, inte bara f\u00f6r ENACOs medarbetare utan ocks\u00e5 f\u00f6r v\u00e5ra kunder och investerare.<\/p>\n                                       <div class=\"btn-wrapper mt-30\">\n                        <a class=\"theme-btn\" href=\"#\" target=\"_self\">Kontakta oss<\/a>\n                     <\/div>\n                                 <\/div>\n\n            <\/div>\n         <\/div>\n      <\/div>\n         <\/section>\n      \n\n      <section class=\"content-two-col pt-80 pb-40 has-curtailed-bg \" >\n                  <div class=\"curtailed-bg background-color-gray\"><\/div>\n            <div class=\"container\">\n         <div class=\"row\">\n                           <div class=\"col-xl-8 col-lg-10\">\n                  <div class=\"block-title text-color-white\">\n                     <h2>Environment<\/h2>\n                  <\/div>\n               <\/div>\n                        <div class=\"col-lg-12\">\n               <div class=\"two-col-text text-color-white\">\n                  <div class=\"row gutter-width-100\">\n                                             <div class=\"col-md-6\">\n                           <div class=\"custom-text-container\">\n                              <h3>Milj\u00f6arbete<\/h3>\n<p>Varje verksamhet har en inverkan p\u00e5 milj\u00f6n. Det kan exempelvis ske genom transporter, utsl\u00e4pp, avfall eller elf\u00f6rbrukning. Det \u00e4r viktigt att vara medveten om b\u00e5de f\u00f6retagets direkta och indirekta p\u00e5verkan p\u00e5 milj\u00f6n.<\/p>\n<p>ENACO ska genom sitt milj\u00f6arbete verka f\u00f6r att kontinuerligt minska sin negativa milj\u00f6p\u00e5verkan. Vi ska f\u00f6rorda gr\u00f6na l\u00f6sningar till v\u00e5ra kunder d\u00e4r s\u00e5 \u00e4r m\u00f6jligt.<\/p>\n<p>Vi \u00e4r sedan 2021 milj\u00f6certifierade enligt ISO 14001.<\/p>\n                           <\/div>\n                        <\/div>\n                                                                  <div class=\"col-md-6\">\n                           <div class=\"custom-text-container\">\n                              <h3>I v\u00e5r str\u00e4van efter st\u00e4ndiga f\u00f6rb\u00e4ttringar ska vi:<\/h3>\n<ul>\n<li>Fortl\u00f6pande se \u00f6ver \u00e5tg\u00e4rder f\u00f6r att minska naturresursanv\u00e4ndningen och milj\u00f6p\u00e5verkan fr\u00e5n utsl\u00e4pp till luft, mark och vatten som verksamheten direkt eller indirekt orsakar.<\/li>\n<li>Verka f\u00f6r att aspekter r\u00f6rande milj\u00f6 och h\u00e5llbar utveckling v\u00e4gs in i beslut.<\/li>\n<li>Verka f\u00f6r att alla medarbetare g\u00f6rs medvetna om inneb\u00f6rden av ett systematiskt milj\u00f6arbete.<\/li>\n<li>Aktivt samverka med kunder, leverant\u00f6rer och andra intressenter i de avseenden d\u00e4r mijl\u00f6fr\u00e5gorna ber\u00f6rs och milj\u00f6arbetet kan f\u00f6rb\u00e4ttras.<\/li>\n<li>F\u00f6lja bindande lagkrav.<\/li>\n<\/ul>\n                           <\/div>\n                        <\/div>\n                                       <\/div>\n               <\/div>\n            <\/div>\n         <\/div>\n      <\/div>\n\n         <\/section>\n      \n\n      <section class=\"content-two-col pt-80 pb-40 \" >\n               <div class=\"container\">\n         <div class=\"row\">\n                           <div class=\"col-xl-8 col-lg-10\">\n                  <div class=\"block-title \">\n                     <h2>Social<\/h2>\n                  <\/div>\n               <\/div>\n                        <div class=\"col-lg-12\">\n               <div class=\"two-col-text \">\n                  <div class=\"row gutter-width-100\">\n                                             <div class=\"col-md-6\">\n                           <div class=\"custom-text-container\">\n                              <h3>Arbetsmilj\u00f6<\/h3>\n<p>ENACOs arbetsmilj\u00f6 ska fr\u00e4mja h\u00e4lsa och s\u00e4kerhet, samtidigt som den ska vara trivsam och fr\u00e4mja b\u00e5de yrkesm\u00e4ssig och personlig utveckling f\u00f6r v\u00e5ra medarbetare. Arbetsmilj\u00f6perspektivet b\u00f6r vara integrerat i alla beslut och aktiviteter.<\/p>\n<p>Nolltolerans g\u00e4ller f\u00f6r mobbning och trakasserier p\u00e5 v\u00e5r arbetsplats, d\u00e4r v\u00e5ra v\u00e4rderingar, \u00f6ppenhet och likabehandling ska genomsyra arbetsmilj\u00f6n.<\/p>\n<p>Vi ser lagstiftningen som den l\u00e4gsta standarden f\u00f6r arbetsmilj\u00f6 och str\u00e4var st\u00e4ndigt efter f\u00f6rb\u00e4ttringar p\u00e5 organisatorisk, social och fysisk niv\u00e5.<\/p>\n<p>V\u00e5rt arbetsmij\u00f6arbete har resulterat i certifieringen A Great Place To Work \u2013 ett bevis p\u00e5 att de anst\u00e4llda upplever en mycket h\u00f6g grad av trov\u00e4rdighet, respekt, r\u00e4ttvisa, stolthet och kamratskap inom organisationen.<\/p>\n                           <\/div>\n                        <\/div>\n                                                                  <div class=\"col-md-6\">\n                           <div class=\"custom-text-container\">\n                              <h3>P\u00e5 v\u00e5r arbetsplats inneb\u00e4r det\u2026<\/h3>\n<ul>\n<li>Fortl\u00f6pande se \u00f6ver \u00e5tg\u00e4rder f\u00f6r att minska naturresursanv\u00e4ndningen och milj\u00f6p\u00e5verkan fr\u00e5n utsl\u00e4pp till luft, mark och vatten som verksamheten direkt eller indirekt orsakar.<\/li>\n<li>Verka f\u00f6r att aspekter r\u00f6rande milj\u00f6 och h\u00e5llbar utveckling v\u00e4gs in i beslut.<\/li>\n<li>Verka f\u00f6r att alla medarbetare g\u00f6rs medvetna om inneb\u00f6rden av ett systematiskt milj\u00f6arbete.<\/li>\n<li>Aktivt samverka med kunder, leverant\u00f6rer och andra intressenter i de avseenden d\u00e4r mijl\u00f6fr\u00e5gorna ber\u00f6rs och milj\u00f6arbetet kan f\u00f6rb\u00e4ttras.<\/li>\n<li>F\u00f6lja bindande lagkrav.<\/li>\n<\/ul>\n                           <\/div>\n                        <\/div>\n                                       <\/div>\n               <\/div>\n            <\/div>\n         <\/div>\n      <\/div>\n\n         <\/section>\n      \n\n      <section class=\"hr-line hr-light-green \" >\n         <div class=\"container\">\n      <div class=\"row\">\n      <div class=\"col-lg-12\">\n         <hr>\n      <\/div>\n   <\/div>\n      <\/div>\n\n      <\/section>\n      \n\n      <section class=\"content-two-col pt-80 pb-40 \" >\n               <div class=\"container\">\n         <div class=\"row\">\n                        <div class=\"col-lg-12\">\n               <div class=\"two-col-text \">\n                  <div class=\"row gutter-width-100\">\n                                             <div class=\"col-md-6\">\n                           <div class=\"custom-text-container\">\n                              <h3>Uppf\u00f6randepolicy<\/h3>\n<p>ENACO Sverige AB och dess dotterbolags framg\u00e5ng \u00e4r beroende av att verksamheten bedrivs p\u00e5 ett ansvarfullt s\u00e4tt. Den dagliga verksamheten drivs d\u00e4rf\u00f6r mot bakgrund av v\u00e5ra v\u00e4rden.<\/p>\n<p><strong>Aff\u00e4rsm\u00e4ssighet:<\/strong> vi arbetar proaktivt i linje med v\u00e5ra kunders f\u00f6rv\u00e4ntningar samt att vi tar ansvar f\u00f6r v\u00e5ra kunders installationer.<\/p>\n<p><strong>Respekt:<\/strong> vi behandlar varandra med omtanke och h\u00e4nsyn, vi respekterar tid, b\u00e5de kundens och v\u00e5r egen.<\/p>\n<p><strong>Delaktighet:<\/strong> vi har en inkluderande kultur med st\u00e4ndigt l\u00e4rande d\u00e4r vi tillsamamns skapar en tryggare arbetsmilj\u00f6 f\u00f6r v\u00e5ra medarbetare, samarbetspartners och kunder.<\/p>\n<p>Uppf\u00f6randepolicyn utg\u00e5r fr\u00e5n dessa v\u00e4rden och har antagits f\u00f6r att udnerstryka de \u00f6vriga policy och riktlinjer som styr f\u00f6retaget i f\u00f6rh\u00e5llande till medarbetare, kunder, leverant\u00f6rer och andra samarbetspartners. Uppf\u00f6randepolicyn g\u00e4ller f\u00f6r samtliga medarbetare inom ENACO Sverige AB.<\/p>\n                           <\/div>\n                        <\/div>\n                                                                  <div class=\"col-md-6\">\n                           <div class=\"custom-text-container\">\n                              <h3>ENACO Sverige AB ska:<\/h3>\n<ul>\n<li>Verka f\u00f6r att aspekter r\u00f6rande milj\u00f6 och h\u00e5llbar utveckling v\u00e4gs in i beslut.<\/li>\n<li>Verka f\u00f6r att alla medarbetare g\u00f6rs medvetna om inneb\u00f6rden av ett systematiskt milj\u00f6arbete.<\/li>\n<li>Aktivt samverka med kunder, leverant\u00f6rer och andra intressenter i de avseenden d\u00e4r mijl\u00f6fr\u00e5gorna ber\u00f6rs och milj\u00f6arbetet kan f\u00f6rb\u00e4ttras.<\/li>\n<li>F\u00f6lja bindande lagkrav.<\/li>\n<\/ul>\n                           <\/div>\n                        <\/div>\n                                       <\/div>\n               <\/div>\n            <\/div>\n         <\/div>\n      <\/div>\n\n         <\/section>\n      \n\n      <section class=\"hr-line hr-light-green \" >\n         <div class=\"container\">\n      <div class=\"row\">\n      <div class=\"col-lg-12\">\n         <hr>\n      <\/div>\n   <\/div>\n      <\/div>\n\n      <\/section>\n      \n\n      <section class=\"content-two-col pt-80 pb-40 pt-40 \" >\n               <div class=\"container\">\n         <div class=\"row\">\n                        <div class=\"col-lg-12\">\n               <div class=\"two-col-text \">\n                  <div class=\"row gutter-width-100\">\n                                             <div class=\"col-md-6\">\n                           <div class=\"custom-text-container\">\n                              <h3>Kvalitetspolicy<\/h3>\n<p>ENACO levererar avbrottsfri kraft, kyla och n\u00e4tverk till verksamheter med h\u00f6ga tillg\u00e4nglighetskrav. Fr\u00e5n r\u00e5dgivning, design och installation, till drift, underh\u00e5ll och \u00f6vervakning med s\u00e4kerst\u00e4lld kompetens och alltid i dialog med kunden.<\/p>\n<p>F\u00f6retagsledningen och arbetsledningen har det yttersta ansvaret f\u00f6r att kvalitetspolicyn uppr\u00e4ttsh\u00e5lls och ska st\u00f6dja alla initiativ att n\u00e5 uppsatta kvalitetsm\u00e5l.<\/p>\n<p>Vi \u00e4r sedan 2021 kvalitetscertifierande enligt ISO 9001.<\/p>\n                           <\/div>\n                        <\/div>\n                                                                  <div class=\"col-md-6\">\n                           <div class=\"custom-text-container\">\n                              <h3>ENACO Sverige AB ska:<\/h3>\n<ul>\n<li>Verka f\u00f6r att aspekter r\u00f6rande milj\u00f6 och h\u00e5llbar utveckling v\u00e4gs in i beslut.<\/li>\n<li>Verka f\u00f6r att alla medarbetare g\u00f6rs medvetna om inneb\u00f6rden av ett systematiskt milj\u00f6arbete.<\/li>\n<li>Aktivt samverka med kunder, leverant\u00f6rer och andra intressenter i de avseenden d\u00e4r mijl\u00f6fr\u00e5gorna ber\u00f6rs och milj\u00f6arbetet kan f\u00f6rb\u00e4ttras.<\/li>\n<li>F\u00f6lja bindande lagkrav.<\/li>\n<\/ul>\n                           <\/div>\n                        <\/div>\n                                       <\/div>\n               <\/div>\n            <\/div>\n         <\/div>\n      <\/div>\n\n         <\/section>\n      \n\n","protected":false},"excerpt":{"rendered":"","protected":false},"author":1,"featured_media":0,"parent":0,"menu_order":0,"comment_status":"closed","ping_status":"closed","template":"","meta":{"_acf_changed":false,"footnotes":""},"class_list":["post-1373","page","type-page","status-publish","hentry"],"acf":[],"yoast_head":"<!-- This site is optimized with the Yoast SEO plugin v26.1.1 - https:\/\/yoast.com\/wordpress\/plugins\/seo\/ -->\n<title>Environment Social Governance - ENACO<\/title>\n<meta name=\"robots\" content=\"index, follow, max-snippet:-1, max-image-preview:large, max-video-preview:-1\" \/>\n<link rel=\"canonical\" href=\"https:\/\/enaco.se\/en\/environment-social-governance-3\/\" \/>\n<meta property=\"og:locale\" content=\"en_US\" \/>\n<meta property=\"og:type\" content=\"article\" \/>\n<meta property=\"og:title\" content=\"Environment Social Governance - ENACO\" \/>\n<meta property=\"og:url\" content=\"https:\/\/enaco.se\/en\/environment-social-governance-3\/\" \/>\n<meta property=\"og:site_name\" content=\"ENACO\" \/>\n<meta name=\"twitter:card\" content=\"summary_large_image\" \/>\n<script type=\"application\/ld+json\" class=\"yoast-schema-graph\">{\"@context\":\"https:\/\/schema.org\",\"@graph\":[{\"@type\":\"WebPage\",\"@id\":\"https:\/\/enaco.se\/en\/environment-social-governance-3\/\",\"url\":\"https:\/\/enaco.se\/en\/environment-social-governance-3\/\",\"name\":\"Environment Social Governance - ENACO\",\"isPartOf\":{\"@id\":\"https:\/\/enaco.se\/#website\"},\"datePublished\":\"2025-06-26T09:56:46+00:00\",\"breadcrumb\":{\"@id\":\"https:\/\/enaco.se\/en\/environment-social-governance-3\/#breadcrumb\"},\"inLanguage\":\"en-US\",\"potentialAction\":[{\"@type\":\"ReadAction\",\"target\":[\"https:\/\/enaco.se\/en\/environment-social-governance-3\/\"]}]},{\"@type\":\"BreadcrumbList\",\"@id\":\"https:\/\/enaco.se\/en\/environment-social-governance-3\/#breadcrumb\",\"itemListElement\":[{\"@type\":\"ListItem\",\"position\":1,\"name\":\"Hem\",\"item\":\"https:\/\/enaco.se\/en\/\"},{\"@type\":\"ListItem\",\"position\":2,\"name\":\"Environment Social Governance\"}]},{\"@type\":\"WebSite\",\"@id\":\"https:\/\/enaco.se\/#website\",\"url\":\"https:\/\/enaco.se\/\",\"name\":\"ENACO\",\"description\":\"Experter p\u00e5 avbrottsfri drift inom kritisk infrastruktur\",\"potentialAction\":[{\"@type\":\"SearchAction\",\"target\":{\"@type\":\"EntryPoint\",\"urlTemplate\":\"https:\/\/enaco.se\/?s={search_term_string}\"},\"query-input\":{\"@type\":\"PropertyValueSpecification\",\"valueRequired\":true,\"valueName\":\"search_term_string\"}}],\"inLanguage\":\"en-US\"}]}<\/script>\n<!-- \/ Yoast SEO plugin. -->","yoast_head_json":{"title":"Environment Social Governance - ENACO","robots":{"index":"index","follow":"follow","max-snippet":"max-snippet:-1","max-image-preview":"max-image-preview:large","max-video-preview":"max-video-preview:-1"},"canonical":"https:\/\/enaco.se\/en\/environment-social-governance-3\/","og_locale":"en_US","og_type":"article","og_title":"Environment Social Governance - ENACO","og_url":"https:\/\/enaco.se\/en\/environment-social-governance-3\/","og_site_name":"ENACO","twitter_card":"summary_large_image","schema":{"@context":"https:\/\/schema.org","@graph":[{"@type":"WebPage","@id":"https:\/\/enaco.se\/en\/environment-social-governance-3\/","url":"https:\/\/enaco.se\/en\/environment-social-governance-3\/","name":"Environment Social Governance - ENACO","isPartOf":{"@id":"https:\/\/enaco.se\/#website"},"datePublished":"2025-06-26T09:56:46+00:00","breadcrumb":{"@id":"https:\/\/enaco.se\/en\/environment-social-governance-3\/#breadcrumb"},"inLanguage":"en-US","potentialAction":[{"@type":"ReadAction","target":["https:\/\/enaco.se\/en\/environment-social-governance-3\/"]}]},{"@type":"BreadcrumbList","@id":"https:\/\/enaco.se\/en\/environment-social-governance-3\/#breadcrumb","itemListElement":[{"@type":"ListItem","position":1,"name":"Hem","item":"https:\/\/enaco.se\/en\/"},{"@type":"ListItem","position":2,"name":"Environment Social Governance"}]},{"@type":"WebSite","@id":"https:\/\/enaco.se\/#website","url":"https:\/\/enaco.se\/","name":"ENACO","description":"Experter p\u00e5 avbrottsfri drift inom kritisk infrastruktur","potentialAction":[{"@type":"SearchAction","target":{"@type":"EntryPoint","urlTemplate":"https:\/\/enaco.se\/?s={search_term_string}"},"query-input":{"@type":"PropertyValueSpecification","valueRequired":true,"valueName":"search_term_string"}}],"inLanguage":"en-US"}]}},"_links":{"self":[{"href":"https:\/\/enaco.se\/en\/wp-json\/wp\/v2\/pages\/1373","targetHints":{"allow":["GET"]}}],"collection":[{"href":"https:\/\/enaco.se\/en\/wp-json\/wp\/v2\/pages"}],"about":[{"href":"https:\/\/enaco.se\/en\/wp-json\/wp\/v2\/types\/page"}],"author":[{"embeddable":true,"href":"https:\/\/enaco.se\/en\/wp-json\/wp\/v2\/users\/1"}],"replies":[{"embeddable":true,"href":"https:\/\/enaco.se\/en\/wp-json\/wp\/v2\/comments?post=1373"}],"version-history":[{"count":0,"href":"https:\/\/enaco.se\/en\/wp-json\/wp\/v2\/pages\/1373\/revisions"}],"wp:attachment":[{"href":"https:\/\/enaco.se\/en\/wp-json\/wp\/v2\/media?parent=1373"}],"curies":[{"name":"wp","href":"https:\/\/api.w.org\/{rel}","templated":true}]}}